{"id":344,"date":"2026-02-12T11:34:26","date_gmt":"2026-02-12T10:34:26","guid":{"rendered":"http:\/\/serwer120791.lh.pl\/autoinstalator\/serwer120791.lh.pl\/wordpress132032\/?page_id=344"},"modified":"2026-02-25T14:30:06","modified_gmt":"2026-02-25T13:30:06","slug":"344-2","status":"publish","type":"page","link":"https:\/\/hissteria.pl\/?page_id=344","title":{"rendered":"Kontakt"},"content":{"rendered":"\n<div class=\"wp-block-group alignfull btn-row tight-horiz-mobile has-global-padding is-content-justification-center is-layout-constrained wp-container-core-group-is-layout-6c6f21c7 wp-block-group-is-layout-constrained has-background\" style=\"margin-top:0;margin-bottom:0;padding-top:var(--wp--preset--spacing--60);padding-right:0;padding-bottom:var(--wp--preset--spacing--60);padding-left:0;background-image:url(&apos;http:\/\/hissteria.pl\/wp-content\/uploads\/2026\/02\/tlo-kontakt.png&apos;);background-size:cover;\">\n<div class=\"wp-block-group alignwide btn-row tight-horiz-mobile has-global-padding is-content-justification-left is-layout-constrained wp-container-core-group-is-layout-957614fb wp-block-group-is-layout-constrained\">\n<h2 class=\"wp-block-heading alignfull has-text-align-left has-xx-large-font-size\">Kontakt<\/h2>\n\n\n\n<div class=\"wp-block-group has-global-padding is-content-justification-left is-layout-constrained wp-container-core-group-is-layout-1ad27c61 wp-block-group-is-layout-constrained\" style=\"padding-right:0;padding-left:0\">\n<p>Je\u015bli chcesz um\u00f3wi\u0107 si\u0119 na konsultacj\u0119 lub&nbsp;szkolenie, zadzwo\u0144 lub&nbsp;napisz maila. Ch\u0119tnie poznamy Ciebie i&nbsp;Twojego zwierzaka! Skontaktujemy si\u0119 z&nbsp;Tob\u0105 najszybciej, jak to mo\u017cliwe.<\/p>\n<\/div>\n\n\n\n<div class=\"wp-block-group alignfull btn-row tight-horiz-mobile is-horizontal is-content-justification-space-between is-nowrap is-layout-flex wp-container-core-group-is-layout-afb5295b wp-block-group-is-layout-flex\" style=\"margin-top:0;margin-bottom:0;padding-top:0;padding-right:0;padding-bottom:0;padding-left:0\">\n<div class=\"wp-block-group alignwide is-vertical is-layout-flex wp-container-core-group-is-layout-fdf08d3e wp-block-group-is-layout-flex\" style=\"border-top-color:var(--wp--preset--color--accent-4);border-top-style:dotted;border-top-width:3px;margin-top:var(--wp--preset--spacing--50);padding-top:var(--wp--preset--spacing--50);padding-right:0;padding-bottom:var(--wp--preset--spacing--50);padding-left:0\">\n<div class=\"wp-block-group tight-horiz-mobile wp-container-content-da09a7bf is-vertical is-layout-flex wp-container-core-group-is-layout-f3a2fc10 wp-block-group-is-layout-flex\">\n<div class=\"wp-block-group has-global-padding is-layout-constrained wp-block-group-is-layout-constrained\">\n<h3 class=\"wp-block-heading has-large-font-size\" style=\"font-style:normal;font-weight:700\">Telefon<\/h3>\n\n\n\n<p class=\"has-medium-font-size\">601412764 <br>lub 32 251 89 38<\/p>\n<\/div>\n\n\n\n<div class=\"wp-block-group has-global-padding is-layout-constrained wp-block-group-is-layout-constrained\">\n<h3 class=\"wp-block-heading has-large-font-size\" style=\"font-style:normal;font-weight:700\">E-mail<\/h3>\n\n\n\n<p class=\"has-medium-font-size\">gabinet@hissteria.pl<\/p>\n<\/div>\n\n\n\n<div class=\"wp-block-group has-global-padding is-layout-constrained wp-block-group-is-layout-constrained\">\n<h3 class=\"wp-block-heading has-large-font-size\" style=\"font-style:normal;font-weight:700\">Adres<\/h3>\n\n\n\n<p>Kozielska 6\/4,\u2028<br>40-076 Katowice<\/p>\n<\/div>\n<\/div>\n\n\n\n<div class=\"wp-block-group tight-horiz-mobile wp-container-content-69bc4bdf has-global-padding is-layout-constrained wp-block-group-is-layout-constrained\">\n<div class=\"wp-block-group wp-container-content-69bc4bdf has-global-padding is-layout-constrained wp-block-group-is-layout-constrained\">\n<p class=\"has-medium-font-size\">Konsultacje prowadzimy zar\u00f3wno w\u00a0godzinach przedpo\u0142udniowych<br>i\u00a0popo\u0142udniowych. <\/p>\n\n\n\n<p class=\"has-medium-font-size\">Telefon czynny od poniedzia\u0142ku do pi\u0105tku od 9 do 17.00.<\/p>\n<\/div>\n<\/div>\n<\/div>\n\n\n\n<figure class=\"wp-block-image size-full\"><img fetchpriority=\"high\" decoding=\"async\" width=\"844\" height=\"562\" src=\"http:\/\/hissteria.pl\/wp-content\/uploads\/2026\/02\/U6tgK9VdxBKLrMbIYbetahqCS8.png.png\" alt=\"\" class=\"wp-image-345\" srcset=\"https:\/\/hissteria.pl\/wp-content\/uploads\/2026\/02\/U6tgK9VdxBKLrMbIYbetahqCS8.png.png 844w, https:\/\/hissteria.pl\/wp-content\/uploads\/2026\/02\/U6tgK9VdxBKLrMbIYbetahqCS8.png-300x200.png 300w, https:\/\/hissteria.pl\/wp-content\/uploads\/2026\/02\/U6tgK9VdxBKLrMbIYbetahqCS8.png-768x511.png 768w\" sizes=\"(max-width: 844px) 100vw, 844px\" \/><\/figure>\n<\/div>\n<\/div>\n<\/div>\n","protected":false},"excerpt":{"rendered":"<p>Kontakt Je\u015bli chcesz um\u00f3wi\u0107 si\u0119 na konsultacj\u0119 lub&nbsp;szkolenie, zadzwo\u0144 lub&nbsp;napisz maila. Ch\u0119tnie poznamy Ciebie i&nbsp;Twojego zwierzaka! Skontaktujemy si\u0119 z&nbsp;Tob\u0105 najszybciej, jak to mo\u017cliwe. Telefon 601412764 lub 32 251 89 38 E-mail gabinet@hissteria.pl Adres Kozielska 6\/4,\u202840-076 Katowice Konsultacje prowadzimy zar\u00f3wno w\u00a0godzinach przedpo\u0142udniowychi\u00a0popo\u0142udniowych. Telefon czynny od poniedzia\u0142ku do pi\u0105tku od 9 do 17.00.<\/p>\n","protected":false},"author":1,"featured_media":0,"parent":0,"menu_order":0,"comment_status":"closed","ping_status":"closed","template":"","meta":{"footnotes":""},"class_list":["post-344","page","type-page","status-publish","hentry"],"_links":{"self":[{"href":"https:\/\/hissteria.pl\/index.php?rest_route=\/wp\/v2\/pages\/344","targetHints":{"allow":["GET"]}}],"collection":[{"href":"https:\/\/hissteria.pl\/index.php?rest_route=\/wp\/v2\/pages"}],"about":[{"href":"https:\/\/hissteria.pl\/index.php?rest_route=\/wp\/v2\/types\/page"}],"author":[{"embeddable":true,"href":"https:\/\/hissteria.pl\/index.php?rest_route=\/wp\/v2\/users\/1"}],"replies":[{"embeddable":true,"href":"https:\/\/hissteria.pl\/index.php?rest_route=%2Fwp%2Fv2%2Fcomments&post=344"}],"version-history":[{"count":36,"href":"https:\/\/hissteria.pl\/index.php?rest_route=\/wp\/v2\/pages\/344\/revisions"}],"predecessor-version":[{"id":1061,"href":"https:\/\/hissteria.pl\/index.php?rest_route=\/wp\/v2\/pages\/344\/revisions\/1061"}],"wp:attachment":[{"href":"https:\/\/hissteria.pl\/index.php?rest_route=%2Fwp%2Fv2%2Fmedia&parent=344"}],"curies":[{"name":"wp","href":"https:\/\/api.w.org\/{rel}","templated":true}]}}