{"id":3,"date":"2025-08-21T11:52:59","date_gmt":"2025-08-21T09:52:59","guid":{"rendered":"http:\/\/serwer120791.lh.pl\/autoinstalator\/serwer120791.lh.pl\/wordpress132032\/?page_id=3"},"modified":"2026-02-17T11:47:40","modified_gmt":"2026-02-17T10:47:40","slug":"polityka-prywatnosci","status":"publish","type":"page","link":"https:\/\/hissteria.pl\/?page_id=3","title":{"rendered":"Polityka prywatno\u015bci"},"content":{"rendered":"\n<div class=\"wp-block-group has-global-padding is-layout-constrained wp-block-group-is-layout-constrained\" style=\"padding-top:var(--wp--preset--spacing--70);padding-bottom:var(--wp--preset--spacing--70)\">\n<h2 class=\"wp-block-heading\">Polityka prywatno\u015bci<\/h2>\n\n\n\n<p><strong>Polityka prywatno\u015bci i&nbsp;wykorzystywania plik\u00f3w Cookies na Naszej stronie<\/strong>&nbsp;<\/p>\n\n\n\n<p>Przywi\u0105zujemy szczeg\u00f3ln\u0105 wag\u0119 do poszanowania prywatno\u015bci u\u017cytkownik\u00f3w odwiedzaj\u0105cych nasz serwis w&nbsp;domenie hissteria.pl. Gromadzone w&nbsp;dziennikach log\u00f3w dane s\u0105 wykorzystywane tylko i&nbsp;wy\u0142\u0105cznie do cel\u00f3w administrowania serwisem. Nie zabiegamy o&nbsp;identyfikacj\u0119 u\u017cytkownik\u00f3w na naszych stronach. \u017badne dane identyfikacyjne, do \u017cadnych cel\u00f3w, nie s\u0105 przekazywane do jakiejkolwiek trzeciej strony.<\/p>\n\n\n\n<p><strong>Gromadzenie danych<\/strong><\/p>\n\n\n\n<p>Zgodnie z&nbsp;przyj\u0119t\u0105 praktyk\u0105 wi\u0119kszo\u015bci serwis\u00f3w WWW, przechowujemy zapytania HTTP kierowane do naszego serwera. Przegl\u0105dane zasoby identyfikowane s\u0105 poprzez adresy URL.&nbsp; Dok\u0142adny wykaz informacji przechowywanych w&nbsp;plikach log\u00f3w serwera WWW jest nast\u0119puj\u0105cy:&nbsp;<\/p>\n\n\n\n<ul class=\"wp-block-list\">\n<li>publiczny adres IP komputera z&nbsp;kt\u00f3rego nadesz\u0142o zapytanie (mo\u017ce to by\u0107 bezpo\u015brednio komputer u\u017cytkownika)<\/li>\n\n\n\n<li>nazw\u0119 stacji klienta &#8211; identyfikacja realizowana przez protok\u00f3\u0142 HTTP o&nbsp;ile jest mo\u017cliwa,<\/li>\n\n\n\n<li>nazwa u\u017cytkownika podawana w&nbsp;procesie autoryzacji,<\/li>\n\n\n\n<li>czas nadej\u015bcia zapytania,<\/li>\n\n\n\n<li>pierwszy wiersz \u017c\u0105dania HTTP,<\/li>\n\n\n\n<li>kod odpowiedzi HTTP,<\/li>\n\n\n\n<li>liczb\u0119 wys\u0142anych przez serwer bajt\u00f3w,<\/li>\n\n\n\n<li>adres URL strony poprzednio odwiedzanej przez u\u017cytkownika (referer link) &#8211; w&nbsp;przypadku gdy przej\u015bcie na stron\u0119 nast\u0105pi\u0142o przez odno\u015bnik,<\/li>\n\n\n\n<li>informacje o&nbsp;przegl\u0105darce u\u017cytkownika,<\/li>\n\n\n\n<li>informacje o&nbsp;b\u0142\u0119dach, jakie nast\u0105pi\u0142y przy realizacji transakcji HTTP.<\/li>\n<\/ul>\n\n\n\n<p>Dane te nie s\u0105 kojarzone z&nbsp;konkretnymi osobami przegl\u0105daj\u0105cymi nasze strony. Dla zapewnienia jak najwy\u017cszej jako\u015bci serwisu, okazjonalnie analizujemy pliki z&nbsp;logami w&nbsp;celu okre\u015blenia: kt\u00f3re strony odwiedzane s\u0105 najcz\u0119\u015bciej, jakie przegl\u0105darki stron WWW s\u0105 stosowane, czy struktura strony nie zawiera b\u0142\u0119d\u00f3w itp.<\/p>\n\n\n\n<p><strong>Wykorzystywanie danych<\/strong><\/p>\n\n\n\n<p>Zebrane logi przechowywane s\u0105 przez czas nieokre\u015blony jako materia\u0142 pomocniczy s\u0142u\u017c\u0105cy do administrowania serwisem. Informacje w&nbsp;nich zawarte nie s\u0105 ujawniane nikomu poza osobami upowa\u017cnionymi do administrowania serwerem. Na podstawie plik\u00f3w log\u00f3w mog\u0105 by\u0107 generowane statystyki stanowi\u0105ce pomoc w&nbsp;administrowaniu. Zbiorcze podsumowania w&nbsp;postaci takich statystyk nie zawieraj\u0105 \u017cadnych cech identyfikuj\u0105cych osoby odwiedzaj\u0105ce serwis.<\/p>\n\n\n\n<p><strong>Mechanizm Cookies na stronie internetowej hissteria.pl<\/strong><\/p>\n\n\n\n<p>Mechanizm Cookies nie jest wykorzystywany do pozyskiwania jakichkolwiek informacji o&nbsp;u\u017cytkownikach serwisu ani \u015bledzenia ich nawigacji. Pliki Cookies stosowane w&nbsp;serwisie hissteria.pl nie przechowuj\u0105 \u017cadnych danych osobowych ani innych informacji zebranych od u\u017cytkownik\u00f3w.<\/p>\n\n\n\n<p>W serwisie hissteria.pl okresowo mo\u017ce by\u0107 wykorzystywany sesyjny plik Cookie o&nbsp;nazwie INFO &#8211; do zapisania faktu zapoznania si\u0119 z&nbsp;wyr\u00f3\u017cnionymi informacjami. Plik Cookie jest tworzony w&nbsp;celu ograniczania ilo\u015bci emisji okresowo pojawiaj\u0105cych si\u0119 og\u0142osze\u0144. Dzi\u0119ki zastosowaniu pliku Cookie informacja wy\u015bwietla si\u0119 tylko raz dla jednej sesji u\u017cytkownika i&nbsp;nie ukazuje si\u0119 ponownie po przej\u015bciu na kolejn\u0105 stron\u0119 serwisu. Wymieniony wy\u017cej sesyjny plik Cookie, je\u015bli jest tworzony, to wyst\u0119puje w&nbsp;okre\u015blonym czasie, i&nbsp;tylko przez czas, w&nbsp;jakim strona jest odwiedzana przez u\u017cytkownika. Zamkni\u0119cie okna przegl\u0105darki ze stron\u0105 serwisu hissteria.pl powoduje usuni\u0119cie utworzonego pliku.<\/p>\n\n\n\n<p><strong>Odno\u015bniki do innych stron<\/strong><\/p>\n\n\n\n<p>Serwis hissteria.pl mo\u017ce zawiera\u0107 odno\u015bniki do innych stron WWW. Nie mo\u017cemy ponosi\u0107 odpowiedzialno\u015bci za zasady zachowania prywatno\u015bci obowi\u0105zuj\u0105ce na tych stronach. Namawiamy, by po przej\u015bciu na inne strony, zapozna\u0107 si\u0119 z&nbsp;polityka prywatno\u015bci tam ustalon\u0105. Niniejsza polityka prywatno\u015bci dotyczy tylko serwisu WWW hissteria.pl.<\/p>\n\n\n\n<p><strong>Zmiany<\/strong><\/p>\n\n\n\n<p>W przypadku zmiany obowi\u0105zuj\u0105cej polityki prywatno\u015bci, wprowadzone zostan\u0105 odpowiednie modyfikacje do powy\u017cszego zapisu.<\/p>\n<\/div>\n","protected":false},"excerpt":{"rendered":"<p>Polityka prywatno\u015bci Polityka prywatno\u015bci i&nbsp;wykorzystywania plik\u00f3w Cookies na Naszej stronie&nbsp; Przywi\u0105zujemy szczeg\u00f3ln\u0105 wag\u0119 do poszanowania prywatno\u015bci u\u017cytkownik\u00f3w odwiedzaj\u0105cych nasz serwis w&nbsp;domenie hissteria.pl. Gromadzone w&nbsp;dziennikach log\u00f3w dane s\u0105 wykorzystywane tylko i&nbsp;wy\u0142\u0105cznie do cel\u00f3w administrowania serwisem. Nie zabiegamy o&nbsp;identyfikacj\u0119 u\u017cytkownik\u00f3w na naszych stronach. \u017badne dane identyfikacyjne, do \u017cadnych cel\u00f3w, nie s\u0105 przekazywane do jakiejkolwiek trzeciej strony. Gromadzenie [&hellip;]<\/p>\n","protected":false},"author":1,"featured_media":0,"parent":0,"menu_order":0,"comment_status":"closed","ping_status":"open","template":"","meta":{"footnotes":""},"class_list":["post-3","page","type-page","status-publish","hentry"],"_links":{"self":[{"href":"https:\/\/hissteria.pl\/index.php?rest_route=\/wp\/v2\/pages\/3","targetHints":{"allow":["GET"]}}],"collection":[{"href":"https:\/\/hissteria.pl\/index.php?rest_route=\/wp\/v2\/pages"}],"about":[{"href":"https:\/\/hissteria.pl\/index.php?rest_route=\/wp\/v2\/types\/page"}],"author":[{"embeddable":true,"href":"https:\/\/hissteria.pl\/index.php?rest_route=\/wp\/v2\/users\/1"}],"replies":[{"embeddable":true,"href":"https:\/\/hissteria.pl\/index.php?rest_route=%2Fwp%2Fv2%2Fcomments&post=3"}],"version-history":[{"count":3,"href":"https:\/\/hissteria.pl\/index.php?rest_route=\/wp\/v2\/pages\/3\/revisions"}],"predecessor-version":[{"id":775,"href":"https:\/\/hissteria.pl\/index.php?rest_route=\/wp\/v2\/pages\/3\/revisions\/775"}],"wp:attachment":[{"href":"https:\/\/hissteria.pl\/index.php?rest_route=%2Fwp%2Fv2%2Fmedia&parent=3"}],"curies":[{"name":"wp","href":"https:\/\/api.w.org\/{rel}","templated":true}]}}