{"id":262,"date":"2026-02-11T15:54:40","date_gmt":"2026-02-11T14:54:40","guid":{"rendered":"http:\/\/serwer120791.lh.pl\/autoinstalator\/serwer120791.lh.pl\/wordpress132032\/?page_id=262"},"modified":"2026-02-17T13:44:00","modified_gmt":"2026-02-17T12:44:00","slug":"262-2","status":"publish","type":"page","link":"https:\/\/hissteria.pl\/?page_id=262","title":{"rendered":"Szkolenia"},"content":{"rendered":"\n<div class=\"wp-block-group alignfull is-style-section-2 has-accent-1-background-color has-background has-global-padding is-layout-constrained wp-container-core-group-is-layout-9b6e867c wp-block-group-is-layout-constrained is-style-section-2--1\" style=\"margin-top:0;margin-bottom:0;padding-top:var(--wp--preset--spacing--60);padding-bottom:var(--wp--preset--spacing--60);background-image:url(&apos;http:\/\/hissteria.pl\/wp-content\/uploads\/2026\/02\/tlo-edukacja.png&apos;);background-size:cover;\">\n<div class=\"wp-block-columns alignwide is-layout-flex wp-container-core-columns-is-layout-3cfae026 wp-block-columns-is-layout-flex\" style=\"padding-top:var(--wp--preset--spacing--50);padding-bottom:var(--wp--preset--spacing--50)\">\n<div class=\"wp-block-column is-vertically-aligned-center is-layout-flow wp-container-core-column-is-layout-f5bb311e wp-block-column-is-layout-flow\" style=\"flex-basis:50%\">\n<p class=\"has-base-color has-text-color has-link-color has-bricolage-grotesque-font-family wp-elements-c5979eb98ae2262508eacb8a4ec979b3\" style=\"font-size:clamp(15.747px, 0.984rem + ((1vw - 3.2px) * 0.809), 24px);\">Szkolenia<\/p>\n\n\n\n<h2 class=\"wp-block-heading has-base-color has-text-color has-link-color has-xx-large-font-size wp-elements-28b67427b9e501a630f42d6d48f9c0a5\">Rozwijaj si\u0119<\/h2>\n\n\n\n<p class=\"has-base-color has-text-color has-link-color has-medium-font-size wp-elements-189a04c7a3cd1f6b02777a9f60b33090\">Prowadzimy szkolenia i&nbsp;wyk\u0142ady dla wszystkich zainteresowanych zachowaniami zwierz\u0105t, g\u0142\u00f3wnie ps\u00f3w i&nbsp;kot\u00f3w. Ch\u0119tnie dzielimy si\u0119 wiedz\u0105 z&nbsp;wolontariuszami pracuj\u0105cymi w schroniskach dla&nbsp;bezdomnych zwierz\u0105t. Oferujemy specjalistyczne szkolenia dla pracownik\u00f3w schronisk, ludzi zwi\u0105zanych z&nbsp;fundacjami dzia\u0142aj\u0105cymi na&nbsp;rzecz zwierz\u0105t, stra\u017cy miejskiej i&nbsp;innych s\u0142u\u017cb, kt\u00f3re mog\u0105 by\u0107 zaanga\u017cowane w&nbsp;pomoc zwierz\u0119tom.<\/p>\n<\/div>\n\n\n\n<div class=\"wp-block-column is-layout-flow wp-block-column-is-layout-flow\" style=\"flex-basis:60%\">\n<figure class=\"wp-block-image size-full is-style-default\"><img fetchpriority=\"high\" decoding=\"async\" width=\"978\" height=\"459\" src=\"http:\/\/hissteria.pl\/wp-content\/uploads\/2026\/02\/Group-16451.png\" alt=\"\" class=\"wp-image-265\" srcset=\"https:\/\/hissteria.pl\/wp-content\/uploads\/2026\/02\/Group-16451.png 978w, https:\/\/hissteria.pl\/wp-content\/uploads\/2026\/02\/Group-16451-300x141.png 300w, https:\/\/hissteria.pl\/wp-content\/uploads\/2026\/02\/Group-16451-768x360.png 768w\" sizes=\"(max-width: 978px) 100vw, 978px\" \/><\/figure>\n<\/div>\n<\/div>\n<\/div>\n\n\n\n<div class=\"wp-block-group alignfull has-global-padding is-layout-constrained wp-container-core-group-is-layout-900adb87 wp-block-group-is-layout-constrained\" style=\"margin-top:0;margin-bottom:0;padding-top:var(--wp--preset--spacing--50);padding-bottom:var(--wp--preset--spacing--50)\">\n<div class=\"wp-block-group alignwide tight-horiz-mobile has-base-background-color has-background is-layout-flow wp-container-core-group-is-layout-d58a0413 wp-block-group-is-layout-flow\" style=\"padding-top:var(--wp--preset--spacing--50);padding-bottom:var(--wp--preset--spacing--50)\">\n<h2 class=\"wp-block-heading\" style=\"font-size:clamp(28.836px, 1.802rem + ((1vw - 3.2px) * 2.075), 50px);\">Dla kogo prowadzimy<br>nasze szkolenia?<\/h2>\n\n\n\n<div class=\"wp-block-columns is-layout-flex wp-container-core-columns-is-layout-cbe57604 wp-block-columns-is-layout-flex\">\n<div class=\"wp-block-column is-layout-flow wp-block-column-is-layout-flow\">\n<div class=\"wp-block-group is-layout-flow wp-block-group-is-layout-flow\" style=\"border-top-color:var(--wp--preset--color--accent-4);border-top-style:dotted;border-top-width:3px;padding-top:var(--wp--preset--spacing--30);padding-bottom:var(--wp--preset--spacing--30)\">\n<h3 class=\"wp-block-heading has-accent-4-color has-text-color\">1.<\/h3>\n\n\n\n<p class=\"has-large-font-size\" style=\"margin-right:var(--wp--preset--spacing--60)\"><strong>Dla fundacji i&nbsp;organizacji prozwierz\u0119cych.<\/strong><\/p>\n<\/div>\n<\/div>\n\n\n\n<div class=\"wp-block-column is-layout-flow wp-block-column-is-layout-flow\">\n<div class=\"wp-block-group is-layout-flow wp-block-group-is-layout-flow\" style=\"border-top-color:var(--wp--preset--color--accent-4);border-top-style:dotted;border-top-width:3px;padding-top:var(--wp--preset--spacing--30);padding-bottom:var(--wp--preset--spacing--30)\">\n<h3 class=\"wp-block-heading has-accent-4-color has-text-color\">2.<\/h3>\n\n\n\n<p class=\"has-large-font-size\" style=\"margin-top:0;margin-right:var(--wp--preset--spacing--80);margin-bottom:0\"><strong>Dla s\u0142u\u017cb publicznych \u2013&nbsp;stra\u017cy miejskiej i&nbsp;jednostek zaanga\u017cowanych w&nbsp;pomoc zwierz\u0119tom.<\/strong><\/p>\n<\/div>\n<\/div>\n<\/div>\n\n\n\n<div class=\"wp-block-columns is-layout-flex wp-container-core-columns-is-layout-cbe57604 wp-block-columns-is-layout-flex\">\n<div class=\"wp-block-column is-layout-flow wp-block-column-is-layout-flow\">\n<div class=\"wp-block-group is-layout-flow wp-block-group-is-layout-flow\" style=\"border-top-color:var(--wp--preset--color--accent-4);border-top-style:dotted;border-top-width:3px;padding-top:var(--wp--preset--spacing--30);padding-bottom:var(--wp--preset--spacing--30)\">\n<h3 class=\"wp-block-heading has-accent-4-color has-text-color has-link-color wp-elements-ca56c45ad8c50c509321ecc5da23b19a\">3.<\/h3>\n\n\n\n<p class=\"has-large-font-size\" style=\"margin-right:var(--wp--preset--spacing--80);margin-left:0\"><strong>Dla wolontariuszy pracuj\u0105cych w&nbsp;schroniskach dla&nbsp;bezdomnych zwierz\u0105t.<\/strong><\/p>\n<\/div>\n<\/div>\n\n\n\n<div class=\"wp-block-column is-layout-flow wp-block-column-is-layout-flow\">\n<div class=\"wp-block-group is-layout-flow wp-block-group-is-layout-flow\" style=\"border-top-color:var(--wp--preset--color--accent-4);border-top-style:dotted;border-top-width:3px;padding-top:var(--wp--preset--spacing--30);padding-bottom:var(--wp--preset--spacing--30)\">\n<h3 class=\"wp-block-heading has-accent-4-color has-text-color has-link-color wp-elements-4a05596346ccd6cfa9c229d621390a65\">4.<\/h3>\n\n\n\n<p class=\"has-large-font-size\" style=\"margin-right:var(--wp--preset--spacing--80)\"><strong>Dla pracownik\u00f3w schronisk chc\u0105cych podnosi\u0107 swoje kwalifikacje w&nbsp;opiece nad&nbsp;zwierz\u0119tami.<\/strong><\/p>\n<\/div>\n<\/div>\n<\/div>\n\n\n\n<div class=\"wp-block-columns is-layout-flex wp-container-core-columns-is-layout-cbe57604 wp-block-columns-is-layout-flex\">\n<div class=\"wp-block-column is-layout-flow wp-block-column-is-layout-flow\">\n<div class=\"wp-block-group is-layout-flow wp-block-group-is-layout-flow\" style=\"border-top-color:var(--wp--preset--color--accent-4);border-top-style:dotted;border-top-width:3px;padding-top:var(--wp--preset--spacing--30);padding-bottom:var(--wp--preset--spacing--30)\">\n<h3 class=\"wp-block-heading has-accent-4-color has-text-color has-link-color wp-elements-82f300bf84b6785a580e63c14edd0629\">5.<\/h3>\n\n\n\n<p class=\"has-large-font-size\" style=\"margin-right:var(--wp--preset--spacing--80)\"><strong>Dla mi\u0142o\u015bnik\u00f3w zwierz\u0105t \u2013 wszystkich zainteresowanych zachowaniami ps\u00f3w i&nbsp;kot\u00f3w.<\/strong><\/p>\n<\/div>\n<\/div>\n\n\n\n<div class=\"wp-block-column is-layout-flow wp-block-column-is-layout-flow\">\n<div class=\"wp-block-group is-layout-flow wp-block-group-is-layout-flow\" style=\"border-top-left-radius:0px;border-top-right-radius:0px;border-bottom-left-radius:0px;border-bottom-right-radius:0px;border-top-color:var(--wp--preset--color--accent-4);border-top-style:dotted;border-top-width:3px;padding-top:var(--wp--preset--spacing--30);padding-bottom:var(--wp--preset--spacing--30)\">\n<h3 class=\"wp-block-heading has-accent-4-color has-text-color has-link-color wp-elements-d0afbe0f33d75b2a3510b7952b35784c\">6.<\/h3>\n\n\n\n<p class=\"has-large-font-size\"><strong>I nie tylko.<\/strong><\/p>\n<\/div>\n<\/div>\n<\/div>\n<\/div>\n<\/div>\n\n\n\n<div class=\"wp-block-group alignfull is-style-section-1 tight-horiz-mobile has-accent-3-background-color has-background has-global-padding is-layout-constrained wp-container-core-group-is-layout-06da6e80 wp-block-group-is-layout-constrained is-style-section-1--2\" style=\"margin-top:0;margin-bottom:0;padding-top:var(--wp--preset--spacing--80);padding-bottom:var(--wp--preset--spacing--80)\">\n<div class=\"wp-block-columns alignwide is-layout-flex wp-container-core-columns-is-layout-66fad18a wp-block-columns-is-layout-flex\">\n<div class=\"wp-block-column is-layout-flow wp-block-column-is-layout-flow\" style=\"padding-right:var(--wp--preset--spacing--50);flex-basis:45%\">\n<figure class=\"wp-block-image size-full\"><img decoding=\"async\" width=\"2560\" height=\"2100\" src=\"http:\/\/hissteria.pl\/wp-content\/uploads\/2026\/02\/Group-16680-scaled.png\" alt=\"\" class=\"wp-image-314\" srcset=\"https:\/\/hissteria.pl\/wp-content\/uploads\/2026\/02\/Group-16680-scaled.png 2560w, https:\/\/hissteria.pl\/wp-content\/uploads\/2026\/02\/Group-16680-300x246.png 300w, https:\/\/hissteria.pl\/wp-content\/uploads\/2026\/02\/Group-16680-1024x840.png 1024w, https:\/\/hissteria.pl\/wp-content\/uploads\/2026\/02\/Group-16680-768x630.png 768w, https:\/\/hissteria.pl\/wp-content\/uploads\/2026\/02\/Group-16680-1536x1260.png 1536w, https:\/\/hissteria.pl\/wp-content\/uploads\/2026\/02\/Group-16680-2048x1680.png 2048w\" sizes=\"(max-width: 2560px) 100vw, 2560px\" \/><\/figure>\n\n\n\n<div class=\"wp-block-group has-global-padding is-layout-constrained wp-block-group-is-layout-constrained\" style=\"margin-top:-12vw\">\n<figure class=\"wp-block-image alignright size-full is-resized\" style=\"margin-right:-5vw;margin-left:-5vw\"><img decoding=\"async\" width=\"2076\" height=\"2560\" src=\"http:\/\/hissteria.pl\/wp-content\/uploads\/2026\/02\/Group-16659-scaled.png\" alt=\"\" class=\"wp-image-307\" style=\"aspect-ratio:0.8109396562539205;width:232px;height:auto\" srcset=\"https:\/\/hissteria.pl\/wp-content\/uploads\/2026\/02\/Group-16659-scaled.png 2076w, https:\/\/hissteria.pl\/wp-content\/uploads\/2026\/02\/Group-16659-243x300.png 243w, https:\/\/hissteria.pl\/wp-content\/uploads\/2026\/02\/Group-16659-831x1024.png 831w, https:\/\/hissteria.pl\/wp-content\/uploads\/2026\/02\/Group-16659-768x947.png 768w, https:\/\/hissteria.pl\/wp-content\/uploads\/2026\/02\/Group-16659-1246x1536.png 1246w, https:\/\/hissteria.pl\/wp-content\/uploads\/2026\/02\/Group-16659-1661x2048.png 1661w\" sizes=\"(max-width: 2076px) 100vw, 2076px\" \/><\/figure>\n<\/div>\n<\/div>\n\n\n\n<div class=\"wp-block-column is-vertically-aligned-center is-layout-flow wp-container-core-column-is-layout-22b75c4c wp-block-column-is-layout-flow\" style=\"padding-right:0;padding-left:0;flex-basis:100%\">\n<div class=\"wp-block-group has-global-padding is-layout-constrained wp-container-core-group-is-layout-92b9201d wp-block-group-is-layout-constrained\">\n<h2 class=\"wp-block-heading\">Jakie s\u0105 tematy szkole\u0144?<\/h2>\n\n\n\n<p class=\"is-style-text-subtitle has-medium-font-size is-style-text-subtitle--3\">Tematy szkole\u0144 s\u0105 w&nbsp;zale\u017cno\u015bci od&nbsp;potrzeb dostosowane i&nbsp;ustalane indywidualnie, poni\u017cej kilka przyk\u0142ad\u00f3w: Etogram kota i&nbsp;repertuar kocich zachowa\u0144; Psie i&nbsp;kocie przedszkola; Organizacja i&nbsp;prowadzenie; Bezpieczna praca w&nbsp;schronisku; Jak&nbsp;czyta\u0107 mow\u0119 cia\u0142a psa?; Emocje i&nbsp;ich wp\u0142yw na&nbsp;zachowanie zwierz\u0105t.<\/p>\n<\/div>\n\n\n\n<div class=\"wp-block-group has-global-padding is-layout-constrained wp-container-core-group-is-layout-e0082cf6 wp-block-group-is-layout-constrained\">\n<p class=\"has-bricolage-grotesque-font-family has-large-font-size\"><strong>Ile kosztuj\u0105 szkolenia?<\/strong><\/p>\n\n\n\n<p>Ceny szkole\u0144 zawsze ustalamy indywidualnie.<\/p>\n<\/div>\n<\/div>\n<\/div>\n<\/div>\n","protected":false},"excerpt":{"rendered":"<p>Szkolenia Rozwijaj si\u0119 Prowadzimy szkolenia i&nbsp;wyk\u0142ady dla wszystkich zainteresowanych zachowaniami zwierz\u0105t, g\u0142\u00f3wnie ps\u00f3w i&nbsp;kot\u00f3w. Ch\u0119tnie dzielimy si\u0119 wiedz\u0105 z&nbsp;wolontariuszami pracuj\u0105cymi w schroniskach dla&nbsp;bezdomnych zwierz\u0105t. Oferujemy specjalistyczne szkolenia dla pracownik\u00f3w schronisk, ludzi zwi\u0105zanych z&nbsp;fundacjami dzia\u0142aj\u0105cymi na&nbsp;rzecz zwierz\u0105t, stra\u017cy miejskiej i&nbsp;innych s\u0142u\u017cb, kt\u00f3re mog\u0105 by\u0107 zaanga\u017cowane w&nbsp;pomoc zwierz\u0119tom. Dla kogo prowadzimynasze szkolenia? 1. Dla fundacji i&nbsp;organizacji prozwierz\u0119cych. [&hellip;]<\/p>\n","protected":false},"author":1,"featured_media":0,"parent":0,"menu_order":0,"comment_status":"closed","ping_status":"closed","template":"","meta":{"footnotes":""},"class_list":["post-262","page","type-page","status-publish","hentry"],"_links":{"self":[{"href":"https:\/\/hissteria.pl\/index.php?rest_route=\/wp\/v2\/pages\/262","targetHints":{"allow":["GET"]}}],"collection":[{"href":"https:\/\/hissteria.pl\/index.php?rest_route=\/wp\/v2\/pages"}],"about":[{"href":"https:\/\/hissteria.pl\/index.php?rest_route=\/wp\/v2\/types\/page"}],"author":[{"embeddable":true,"href":"https:\/\/hissteria.pl\/index.php?rest_route=\/wp\/v2\/users\/1"}],"replies":[{"embeddable":true,"href":"https:\/\/hissteria.pl\/index.php?rest_route=%2Fwp%2Fv2%2Fcomments&post=262"}],"version-history":[{"count":35,"href":"https:\/\/hissteria.pl\/index.php?rest_route=\/wp\/v2\/pages\/262\/revisions"}],"predecessor-version":[{"id":848,"href":"https:\/\/hissteria.pl\/index.php?rest_route=\/wp\/v2\/pages\/262\/revisions\/848"}],"wp:attachment":[{"href":"https:\/\/hissteria.pl\/index.php?rest_route=%2Fwp%2Fv2%2Fmedia&parent=262"}],"curies":[{"name":"wp","href":"https:\/\/api.w.org\/{rel}","templated":true}]}}